{"id":2189,"date":"2017-11-27T19:33:20","date_gmt":"2017-11-28T01:33:20","guid":{"rendered":"http:\/\/cicp.imcp.org.mx\/?page_id=2189"},"modified":"2018-03-23T11:28:24","modified_gmt":"2018-03-23T17:28:24","slug":"aviso-de-privacidad","status":"publish","type":"page","link":"http:\/\/cicp.imcp.org.mx\/index.php\/aviso-de-privacidad\/","title":{"rendered":"Aviso de Privacidad"},"content":{"rendered":"<p>[vc_row][vc_column]\r\n\t\t\t\t<div class=\"jx-ievent-section-title-1 jx-ievent-dark\">\r\n\t\t\t\t\t<div class=\"jx-ievent-pre-title jx-ievent-short-border\">\r\n\t\t\t\t\t<div class=\"jx-ievent-title-border left\"><\/div>\r\n\t\t\t\t\t<div class=\"jx-ievent-title-icon\"><i class=\"line-icon vc_li vc_li-note\"><\/i><\/div>\r\n\t\t\t\t\t<div class=\"jx-ievent-title-border right\"><\/div> \r\n\t\t\t\t\t<\/div>\r\n\t\t\t\t\t<div class=\"jx-ievent-title jx-ievent-uppercase\">Aviso de Privacidad<\/div>\r\n\t\t\t\t\t<div class=\"jx-ievent-subtitle\"><p><\/p><\/div>\r\n\t\t\t\t\t<!-- Section Title -->\r\n\t\t\t\t<\/div>\r\n\t\t\t[vc_row_inner][vc_column_inner][vc_column_text]Con fundamento en los art\u00edculos 15 y 16 de la Ley Federal de Protecci\u00f3n de Datos Personales en Posesi\u00f3n de Particulares hacemos de su conocimiento que Instituto Mexicano de Contadores P\u00fablicos, A.C., con domicilio en Bosque de Tabachines 44 Bosques de las Lomas CDMX, 11700 M\u00e9xico es responsable de recabar sus datos personales, del uso que se le d\u00e9 a los mismos y de su protecci\u00f3n.<\/p>\n<p>Su informaci\u00f3n personal ser\u00e1 utilizada para las siguientes finalidades: proveer los servicios y productos que ha solicitado; notificarle sobre nuevos servicios o productos que tengan relaci\u00f3n con los ya contratados o adquiridos; comunicarle sobre cambios en los mismos; elaborar estudios y programas que son necesarios para determinar h\u00e1bitos de consumo; realizar evaluaciones peri\u00f3dicas de nuestros productos y servicios a efecto de mejorar la calidad de los mismos; evaluar la calidad del servicio que brindamos, y en general, para dar cumplimiento a las obligaciones que hemos contra\u00eddo con usted.<\/p>\n<p>Para las finalidades antes mencionadas, requerimos obtener los siguientes datos personales:<\/p>\n<p>Nombre completo<br \/>\nEdad<br \/>\nEstado civil<br \/>\nSexo<br \/>\nTel\u00e9fono fijo y\/o celular<br \/>\nCorreo electr\u00f3nico<br \/>\nDirecci\u00f3n<br \/>\nNivel de escolaridad<br \/>\nRFC y\/o CURP<br \/>\nNivel de ingreso<br \/>\nTarjeta de cr\u00e9dito<br \/>\nFirma aut\u00f3grafa<br \/>\nIMSS, INFONAVIT, AGAFF, Comisi\u00f3n Nacional Bancaria y de Valores, Comisi\u00f3n Nacional de Seguros y Fianzas, Colegios de Contadores P\u00fablicos del IMCP, IFAC y AIC<\/p>\n<p>Con base en la ley en materia de protecci\u00f3n de datos personales en posesi\u00f3n de particulares, los siguientes datos son considerados sensibles:<\/p>\n<p>Padecimientos de salud<\/p>\n<p>Es importante informarle que usted tiene derecho al Acceso, Rectificaci\u00f3n y Cancelaci\u00f3n de sus datos personales, a Oponerse al tratamiento de los mismos o a revocar el consentimiento que para dicho fin nos haya otorgado.<\/p>\n<p>Para ello, es necesario que env\u00ede la solicitud en los t\u00e9rminos que marca la Ley en su Art. 29 a Coordinador de protecci\u00f3n de datos, responsable de nuestro Departamento de Protecci\u00f3n de Datos Personales, ubicado en Bosque de Tabachines 44 Bosques de Las lomas CDMX, 1700 M\u00e9xico, o bien, se comunique al tel\u00e9fono 55-52676401 o v\u00eda correo electr\u00f3nico a datospersonales@imcp.org.mx, el cual solicitamos confirme v\u00eda telef\u00f3nica para garantizar su correcta recepci\u00f3n.<\/p>\n<p>Por otra parte, hacemos de su conocimiento que sus datos podr\u00e1n ser transferidos a entidades del mismo grupo de inter\u00e9s de la empresa, nacionales o extranjeras, con el objetivo de cumplir con las finalidades para las cuales ha proporcionado sus datos. En \u00e9ste sentido su informaci\u00f3n podr\u00e1 ser compartida con las empresas que a continuaci\u00f3n se mencionan: Colegios de Contadores P\u00fablicos del IMCP,\u00a0Abugaber, Elluminate, Ceneval, IMEF, Seguros AON, AIC, IFAC y Aeromexico.<\/p>\n<p>En caso de que no obtengamos su oposici\u00f3n expresa para que sus datos personales sean transferidos en la forma y t\u00e9rminos antes descrita, entenderemos que ha otorgado su consentimiento en forma t\u00e1cita para ello.<\/p>\n<p>En caso de que no desee de recibir mensajes promocionales de nuestra parte, puede enviarnos su solicitud por medio de la direcci\u00f3n electr\u00f3nica: datospersonales@imcp.org.mx<\/p>\n<p>Importante: Cualquier modificaci\u00f3n a este Aviso de Privacidad podr\u00e1 consultarlo en http:\/\/www.imcp.org.mx<\/p>\n<p>Fecha \u00faltima actualizaci\u00f3n: 27\/02\/2017[\/vc_column_text][\/vc_column_inner][\/vc_row_inner][\/vc_column][\/vc_row]<\/p>\n","protected":false},"excerpt":{"rendered":"<p>[vc_row][vc_column][vc_row_inner][vc_column_inner][vc_column_text]Con fundamento en los art\u00edculos 15 y 16 de la Ley Federal de Protecci\u00f3n de Datos Personales en Posesi\u00f3n de Particulares hacemos de su conocimiento que Instituto Mexicano de Contadores P\u00fablicos, A.C., con domicilio en Bosque de Tabachines 44 Bosques de las Lomas CDMX, 11700 M\u00e9xico es responsable de recabar sus datos personales, del uso [&hellip;]<\/p>\n","protected":false},"author":1,"featured_media":0,"parent":0,"menu_order":0,"comment_status":"closed","ping_status":"closed","template":"template-home.php","meta":[],"_links":{"self":[{"href":"http:\/\/cicp.imcp.org.mx\/index.php\/wp-json\/wp\/v2\/pages\/2189"}],"collection":[{"href":"http:\/\/cicp.imcp.org.mx\/index.php\/wp-json\/wp\/v2\/pages"}],"about":[{"href":"http:\/\/cicp.imcp.org.mx\/index.php\/wp-json\/wp\/v2\/types\/page"}],"author":[{"embeddable":true,"href":"http:\/\/cicp.imcp.org.mx\/index.php\/wp-json\/wp\/v2\/users\/1"}],"replies":[{"embeddable":true,"href":"http:\/\/cicp.imcp.org.mx\/index.php\/wp-json\/wp\/v2\/comments?post=2189"}],"version-history":[{"count":3,"href":"http:\/\/cicp.imcp.org.mx\/index.php\/wp-json\/wp\/v2\/pages\/2189\/revisions"}],"predecessor-version":[{"id":2886,"href":"http:\/\/cicp.imcp.org.mx\/index.php\/wp-json\/wp\/v2\/pages\/2189\/revisions\/2886"}],"wp:attachment":[{"href":"http:\/\/cicp.imcp.org.mx\/index.php\/wp-json\/wp\/v2\/media?parent=2189"}],"curies":[{"name":"wp","href":"https:\/\/api.w.org\/{rel}","templated":true}]}}