{"id":1100,"date":"2016-01-24T11:35:50","date_gmt":"2016-01-24T08:35:50","guid":{"rendered":"http:\/\/ievent.janxcode.com\/?page_id=1100"},"modified":"2019-04-08T16:29:16","modified_gmt":"2019-04-08T21:29:16","slug":"hoteles","status":"publish","type":"page","link":"http:\/\/cicp.imcp.org.mx\/index.php\/hoteles\/","title":{"rendered":"Hoteles"},"content":{"rendered":"<p>[vc_row el_class=\u00bbjx-ievent-padding no-top-padding\u00bb css=\u00bb.vc_custom_1541436792593{padding-top: 90px !important;}\u00bb][vc_column]\r\n\t\t\t\t<div class=\"jx-ievent-section-title-1 jx-ievent-dark\">\r\n\t\t\t\t\t<div class=\"jx-ievent-pre-title jx-ievent-short-border\">\r\n\t\t\t\t\t<div class=\"jx-ievent-title-border left\"><\/div>\r\n\t\t\t\t\t<div class=\"jx-ievent-title-icon\"><i class=\"line-icon vc_li vc_li-shop\"><\/i><\/div>\r\n\t\t\t\t\t<div class=\"jx-ievent-title-border right\"><\/div> \r\n\t\t\t\t\t<\/div>\r\n\t\t\t\t\t<div class=\"jx-ievent-title jx-ievent-uppercase\">Hoteles<\/div>\r\n\t\t\t\t\t<div class=\"jx-ievent-subtitle\"><p><\/p><\/div>\r\n\t\t\t\t\t<!-- Section Title -->\r\n\t\t\t\t<\/div>\r\n\t\t\t[\/vc_column][vc_column][vc_row_inner][vc_column_inner width=\u00bb1\/3&#8243; css=\u00bb.vc_custom_1550851967801{background-color: #f2f2f2 !important;}\u00bb]\r\n\t\t\t<div class=\"jx-venue\">\t\t\t\r\n\t\t\t\t<div class=\"jx-venue-item\">\r\n\r\n\t\t\t\t\t<div class=\"image-hover\">\r\n\t\t\t\t\t\t<div class=\"image\"><img src=\"http:\/\/cicp.imcp.org.mx\/wp-content\/uploads\/2019\/04\/fiestamaericana.jpg\" alt=\"\"><\/div>\r\n\t\t\t\t\t\t<!-- Image -->\r\n\r\n\t\t\t\t\t\t<!--<div class=\"average-point\"><\/div> -->\r\n\t\t\t\t\t\t<!-- Average Point -->\r\n\t\t\t\t\t\t\r\n\t\t\t\t\t\t<div class=\"title\">Fiesta Americana M\u00e9rida<\/div>\r\n\t\t\t\t\t\t<!-- Title -->\r\n\t\t\t\t\t<\/div>\t\t\t\t\t\r\n\r\n\t\t\t\t\t<!-- Image - Hover -->\t\t\t\t\t\r\n\r\n\t\t\t\t\t<div class=\"detail-list\">\r\n\t\t\t\t\t\t<ul>\r\n\t\t\t\t\t\t\t<li><i class=\"fa fa-check-circle-o\"><\/i> Tel.: 01 999 942 1111<\/li>\r\n\t\t\t\t\t\t\t<li><i class=\"fa fa-check-circle-o\"><\/i> <\/li>\r\n\t\t\t\t\t\t\t<li><i class=\"fa fa-check-circle-o\"><\/i> Paseo de Montejo 451, Zona Paseo Montejo, Centro, 97000 M\u00e9rida, Yuc.<\/li>\r\n\t\t\t\t\t\t<\/ul>\r\n\t\t\t\t\t<\/div>\r\n\t\t\t\t\t<!-- Details -->\r\n\t\t\t\t\t\r\n\t\t\t\t\t<div class=\"average\">\r\n\t\t\t\t\t\t<span class=\"average-title\"><\/span>\r\n\t\t\t\t\t\t<span class=\"price\"><\/span>\r\n\t\t\t\t\t<\/div>\t\t\t\r\n\t\t\t\t\t<!-- Average Price -->\r\n\t\t\t\t<\/div>\r\n\t\t\t<\/div>[vc_column_text css=\u00bb.vc_custom_1554404119485{padding-right: 20px !important;padding-bottom: 20px !important;padding-left: 20px !important;}\u00bb]<\/p>\n<p dir=\"auto\">Habitaci\u00f3n Est\u00e1ndar<\/p>\n<p dir=\"auto\">Habitaci\u00f3n en ocupaci\u00f3n doble $ 2,177.50<\/p>\n<p><em>\u00a0<\/em>[\/vc_column_text][vc_separator color=\u00bbcustom\u00bb accent_color=\u00bb#d4cece\u00bb css=\u00bb.vc_custom_1551919529027{padding-right: 20px !important;padding-left: 20px !important;}\u00bb][vc_column_text css=\u00bb.vc_custom_1554404167803{padding-top: 20px !important;padding-right: 20px !important;padding-bottom: 20px !important;padding-left: 20px !important;}\u00bb]El mejor hotel de todo Yucat\u00e1n, enmarcado por el bello Paseo de Montejo, te consiente con una estancia placentera. Su arquitectura se\u00f1orial con gran influencia francesa crea un ambiente acogedor que invita a disfrutar de la c\u00e1lida hospitalidad mexicana. Una incre\u00edble ubicaci\u00f3n donde podr\u00e1s conocer hermosas construcciones coloniales.<\/p>\n<p>Las cantidades est\u00e1n en pesos mexicanos, el costo de la tarifa incluye impuestos, propinas, bellboys y camaristas.[\/vc_column_text][\/vc_column_inner][vc_column_inner width=\u00bb1\/3&#8243; css=\u00bb.vc_custom_1550851929906{background-color: #f2f2f2 !important;}\u00bb]\r\n\t\t\t<div class=\"jx-venue\">\t\t\t\r\n\t\t\t\t<div class=\"jx-venue-item\">\r\n\r\n\t\t\t\t\t<div class=\"image-hover\">\r\n\t\t\t\t\t\t<div class=\"image\"><img src=\"http:\/\/cicp.imcp.org.mx\/wp-content\/uploads\/2019\/04\/hyatt.jpg\" alt=\"\"><\/div>\r\n\t\t\t\t\t\t<!-- Image -->\r\n\r\n\t\t\t\t\t\t<!--<div class=\"average-point\"><\/div> -->\r\n\t\t\t\t\t\t<!-- Average Point -->\r\n\t\t\t\t\t\t\r\n\t\t\t\t\t\t<div class=\"title\">Hyatt Regency M\u00e9rida<\/div>\r\n\t\t\t\t\t\t<!-- Title -->\r\n\t\t\t\t\t<\/div>\t\t\t\t\t\r\n\r\n\t\t\t\t\t<!-- Image - Hover -->\t\t\t\t\t\r\n\r\n\t\t\t\t\t<div class=\"detail-list\">\r\n\t\t\t\t\t\t<ul>\r\n\t\t\t\t\t\t\t<li><i class=\"fa fa-check-circle-o\"><\/i> Tel. +52 999 942 1234<\/li>\r\n\t\t\t\t\t\t\t<li><i class=\"fa fa-check-circle-o\"><\/i> merida.regency@hyatt.com<\/li>\r\n\t\t\t\t\t\t\t<li><i class=\"fa fa-check-circle-o\"><\/i> Av. Col\u00f3n esq. Calle 60 a 100 mts. de Paseo de Montejo M\u00e9rida, M\u00e9xico, 97000<\/li>\r\n\t\t\t\t\t\t<\/ul>\r\n\t\t\t\t\t<\/div>\r\n\t\t\t\t\t<!-- Details -->\r\n\t\t\t\t\t\r\n\t\t\t\t\t<div class=\"average\">\r\n\t\t\t\t\t\t<span class=\"average-title\"><\/span>\r\n\t\t\t\t\t\t<span class=\"price\"><\/span>\r\n\t\t\t\t\t<\/div>\t\t\t\r\n\t\t\t\t\t<!-- Average Price -->\r\n\t\t\t\t<\/div>\r\n\t\t\t<\/div>[vc_column_text css=\u00bb.vc_custom_1554403986173{padding-right: 20px !important;padding-bottom: 20px !important;padding-left: 20px !important;}\u00bb]<\/p>\n<p dir=\"auto\">Habitaci\u00f3n sencilla De Lujo $ 1,926.40<\/p>\n<p dir=\"auto\">Habitaci\u00f3n sencilla High Floor $2,998.40<\/p>\n<p dir=\"auto\">Habitaci\u00f3n doble De Lujo $ 1956.40<\/p>\n<p dir=\"auto\">Habitaci\u00f3n doble High Floor $ 3027.40<\/p>\n<p>[\/vc_column_text][vc_separator color=\u00bbcustom\u00bb accent_color=\u00bb#d4cece\u00bb css=\u00bb.vc_custom_1551919529027{padding-right: 20px !important;padding-left: 20px !important;}\u00bb][vc_column_text css=\u00bb.vc_custom_1554404162265{padding-top: 20px !important;padding-right: 20px !important;padding-bottom: 20px !important;padding-left: 20px !important;}\u00bb]Ubicado en el coraz\u00f3n del distrito de negocios de M\u00e9rida, el lugar perfecto para vivir experiencias, explorar la arquitectura colonial, las tiendas, los restaurantes y la vida nocturna del centro de la ciudad, a solo unos pasos del emblem\u00e1tico Paseo de Montejo, la Embajada de los EE. UU. Y el Centro Internacional de Congresos de Yucat\u00e1n. Experimente nuestro lobby lleno de luz que refleja la vitalidad y la energ\u00eda de M\u00e9rida, generando conexiones entre nuestros hu\u00e9spedes.<\/p>\n<p>Las cantidades est\u00e1n en pesos mexicanos, el costo de la tarifa incluye impuestos, propinas, bellboys y camaristas.[\/vc_column_text][\/vc_column_inner][\/vc_row_inner][\/vc_column][vc_column][vc_row_inner][vc_column_inner el_class=\u00bbhotel1&#8243; width=\u00bb1\/2&#8243;][vc_raw_js]JTBBJTNDc2NyaXB0JTIwdHlwZSUzRCUyMnRleHQlMkZqYXZhc2NyaXB0JTIyJTNFJTIwJTBBd2luZG93Lm9ubG9hZCUyMCUzRCUyMGZ1bmN0aW9uJTI4JTI5JTIwJTdCJTBBJTIwJTIwJTIwJTIwJTIwJTIwJTIwJTIwdmFyJTIwYW5jaG9ycyUyMCUzRCUyMCUyMGRvY3VtZW50LmdldEVsZW1lbnRzQnlDbGFzc05hbWUlMjglMjJob3RlbDElMjIlMjklM0IlMEElMjAlMjAlMjAlMjAlMjAlMjAlMjAlMjBmb3IlMjh2YXIlMjBpJTIwJTNEJTIwMCUzQiUyMGklMjAlM0MlMjBhbmNob3JzLmxlbmd0aCUzQiUyMGklMkIlMkIlMjklMjAlN0IlMEElMjAlMjAlMjAlMjAlMjAlMjAlMjAlMjAlMjAlMjAlMjAlMjB2YXIlMjBhbmNob3IlMjAlM0QlMjBhbmNob3JzJTVCaSU1RCUzQiUwQSUyMCUyMCUyMCUyMCUyMCUyMCUyMCUyMCUyMCUyMCUyMCUyMGFuY2hvci5vbmNsaWNrJTIwJTNEJTIwZnVuY3Rpb24lMjglMjklMjAlN0IlMEElMjAlMjAlMjAlMjAlMjAlMjAlMjAlMjAlMjAlMjAlMjAlMjAlMjAlMjAlMjAlMjB3aW5kb3cub3BlbiUyOCUyMmh0dHBzJTNBJTJGJTJGd3d3LnJpdS5jb20lMkZlcyUyRmhvdGVsJTJGbWV4aWNvJTJGZ3VhZGFsYWphcmElMkZob3RlbC1yaXUtcGxhemEtZ3VhZGFsYWphcmElMkZpbmRleC5qc3AlMjIlMjklM0IlMEElMjAlMjAlMjAlMjAlMjAlMjAlMjAlMjAlMjAlMjAlMjAlMjAlN0QlMEElMjAlMjAlMjAlMjAlMjAlMjAlMjAlMjAlN0QlMEElMEElMjAlMjAlMjAlMjAlMjAlMjAlMjB2YXIlMjBhbmNob3JzJTIwJTNEJTIwJTIwZG9jdW1lbnQuZ2V0RWxlbWVudHNCeUNsYXNzTmFtZSUyOCUyMmhvdGVsMiUyMiUyOSUzQiUwQSUyMCUyMCUyMCUyMCUyMCUyMCUyMCUyMGZvciUyOHZhciUyMGklMjAlM0QlMjAwJTNCJTIwaSUyMCUzQyUyMGFuY2hvcnMubGVuZ3RoJTNCJTIwaSUyQiUyQiUyOSUyMCU3QiUwQSUyMCUyMCUyMCUyMCUyMCUyMCUyMCUyMCUyMCUyMCUyMCUyMHZhciUyMGFuY2hvciUyMCUzRCUyMGFuY2hvcnMlNUJpJTVEJTNCJTBBJTIwJTIwJTIwJTIwJTIwJTIwJTIwJTIwJTIwJTIwJTIwJTIwYW5jaG9yLm9uY2xpY2slMjAlM0QlMjBmdW5jdGlvbiUyOCUyOSUyMCU3QiUwQSUyMCUyMCUyMCUyMCUyMCUyMCUyMCUyMCUyMCUyMCUyMCUyMCUyMCUyMCUyMCUyMHdpbmRvdy5vcGVuJTI4JTIyaHR0cCUzQSUyRiUyRnd3dy52aWN0b3JpYWVqZWN1dGl2by5jb20ubXglMjIlMjklM0IlMEElMjAlMjAlMjAlMjAlMjAlMjAlMjAlMjAlMjAlMjAlMjAlMjAlN0QlMEElMjAlMjAlMjAlMjAlMjAlMjAlMjAlMjAlN0QlMEElMEElMjAlMjAlMjAlMjAlN0QlMEElM0MlMkZzY3JpcHQlM0UlMEE=[\/vc_raw_js][\/vc_column_inner][vc_column_inner el_class=\u00bbhotel2&#8243; width=\u00bb1\/2&#8243;][\/vc_column_inner][\/vc_row_inner][\/vc_column][\/vc_row]<\/p>\n","protected":false},"excerpt":{"rendered":"<p>[vc_row el_class=\u00bbjx-ievent-padding no-top-padding\u00bb css=\u00bb.vc_custom_1541436792593{padding-top: 90px !important;}\u00bb][vc_column][\/vc_column][vc_column][vc_row_inner][vc_column_inner width=\u00bb1\/3&#8243; css=\u00bb.vc_custom_1550851967801{background-color: #f2f2f2 !important;}\u00bb][vc_column_text css=\u00bb.vc_custom_1554404119485{padding-right: 20px !important;padding-bottom: 20px !important;padding-left: 20px !important;}\u00bb] Habitaci\u00f3n Est\u00e1ndar Habitaci\u00f3n en ocupaci\u00f3n doble $ 2,177.50 \u00a0[\/vc_column_text][vc_separator color=\u00bbcustom\u00bb accent_color=\u00bb#d4cece\u00bb css=\u00bb.vc_custom_1551919529027{padding-right: 20px !important;padding-left: 20px !important;}\u00bb][vc_column_text css=\u00bb.vc_custom_1554404167803{padding-top: 20px !important;padding-right: 20px !important;padding-bottom: 20px !important;padding-left: 20px !important;}\u00bb]El mejor hotel de todo Yucat\u00e1n, enmarcado por el bello Paseo de Montejo, te [&hellip;]<\/p>\n","protected":false},"author":1,"featured_media":0,"parent":0,"menu_order":0,"comment_status":"closed","ping_status":"closed","template":"template-home.php","meta":[],"_links":{"self":[{"href":"http:\/\/cicp.imcp.org.mx\/index.php\/wp-json\/wp\/v2\/pages\/1100"}],"collection":[{"href":"http:\/\/cicp.imcp.org.mx\/index.php\/wp-json\/wp\/v2\/pages"}],"about":[{"href":"http:\/\/cicp.imcp.org.mx\/index.php\/wp-json\/wp\/v2\/types\/page"}],"author":[{"embeddable":true,"href":"http:\/\/cicp.imcp.org.mx\/index.php\/wp-json\/wp\/v2\/users\/1"}],"replies":[{"embeddable":true,"href":"http:\/\/cicp.imcp.org.mx\/index.php\/wp-json\/wp\/v2\/comments?post=1100"}],"version-history":[{"count":165,"href":"http:\/\/cicp.imcp.org.mx\/index.php\/wp-json\/wp\/v2\/pages\/1100\/revisions"}],"predecessor-version":[{"id":4063,"href":"http:\/\/cicp.imcp.org.mx\/index.php\/wp-json\/wp\/v2\/pages\/1100\/revisions\/4063"}],"wp:attachment":[{"href":"http:\/\/cicp.imcp.org.mx\/index.php\/wp-json\/wp\/v2\/media?parent=1100"}],"curies":[{"name":"wp","href":"https:\/\/api.w.org\/{rel}","templated":true}]}}