{"id":1095,"date":"2016-01-24T11:31:52","date_gmt":"2016-01-24T08:31:52","guid":{"rendered":"http:\/\/ievent.janxcode.com\/?page_id=1095"},"modified":"2019-05-02T12:10:48","modified_gmt":"2019-05-02T17:10:48","slug":"patrocinadores","status":"publish","type":"page","link":"http:\/\/cicp.imcp.org.mx\/index.php\/patrocinadores\/","title":{"rendered":"Patrocinado"},"content":{"rendered":"<p>[vc_row el_id=\u00bbsponsors\u00bb css=\u00bb.vc_custom_1518138472197{padding-bottom: 0px !important;}\u00bb][vc_column]\r\n\t\t\t\t<div class=\"jx-ievent-section-title-1 jx-ievent-dark\">\r\n\t\t\t\t\t<div class=\"jx-ievent-pre-title jx-ievent-short-border\">\r\n\t\t\t\t\t<div class=\"jx-ievent-title-border left\"><\/div>\r\n\t\t\t\t\t<div class=\"jx-ievent-title-icon\"><i class=\"line-icon vc_li vc_li-study\"><\/i><\/div>\r\n\t\t\t\t\t<div class=\"jx-ievent-title-border right\"><\/div> \r\n\t\t\t\t\t<\/div>\r\n\t\t\t\t\t<div class=\"jx-ievent-title jx-ievent-uppercase\">Patrocinadores<\/div>\r\n\t\t\t\t\t<div class=\"jx-ievent-subtitle\"><p>El Congreso Internacional va dirigido a todos los profesionales en el ramo de la Contadur\u00eda P\u00fablica, empresas, instituciones de educaci\u00f3n superior, etc.<br \/>\nSi deseas formar parte del evento como patrocinador consulta nuestro media kit.<\/p><\/div>\r\n\t\t\t\t\t<!-- Section Title -->\r\n\t\t\t\t<\/div>\r\n\t\t\t[\/vc_column][\/vc_row][vc_row el_class=\u00bbno-padding\u00bb][vc_column width=\u00bb1\/3&#8243;][\/vc_column][vc_column width=\u00bb1\/3&#8243;][vc_btn title=\u00bbDESCARGA EL FOLLETO MED\u00cdA KIT\u00bb style=\u00bbclassic\u00bb color=\u00bbjuicy-pink\u00bb align=\u00bbcenter\u00bb link=\u00bb|||\u00bb el_id=\u00bbbtn-registro-2&#8243;][\/vc_column][vc_column width=\u00bb1\/3&#8243;][\/vc_column][\/vc_row][vc_row el_class=\u00bbjx-ievent-padding-small\u00bb css=\u00bb.vc_custom_1521846601642{padding-bottom: 60px !important;}\u00bb][vc_column]<div class=\"jx-ievent-sponsors\"><div class=\"jx-ievent-section-title\">Patrocinadores<\/div><ul><li><a href=\"https:\/\/www.contpaqi.com\/inicio\/\" target='_blank'><div class=\"slide-contents\"><img src=\"http:\/\/cicp.imcp.org.mx\/wp-content\/uploads\/2019\/02\/CONTPAQi_Asociado.png\" alt=\"\"><\/div><\/a><\/li><\/ul><\/div><div class=\"jx-ievent-sponsors\"><div class=\"jx-ievent-section-title\">Platinum<\/div><ul><li><a href=\"https:\/\/www.crowe.com\/mx\" target='_blank'><div class=\"slide-contents\"><img src=\"http:\/\/cicp.imcp.org.mx\/wp-content\/uploads\/2019\/04\/Crowe.png\" alt=\"\"><\/div><\/a><\/li><li><a href=\"https:\/\/www.grantthornton.mx\/\" target='_blank'><div class=\"slide-contents\"><img src=\"http:\/\/cicp.imcp.org.mx\/wp-content\/uploads\/2019\/05\/grant.jpg\" alt=\"\"><\/div><\/a><\/li><\/ul><\/div><div class=\"jx-ievent-sponsors\"><div class=\"jx-ievent-section-title\">Silver<\/div><ul><li><a href=\"http:\/\/www.smslatam.com\/MEXICO\" target='_blank'><div class=\"slide-contents\"><img src=\"http:\/\/cicp.imcp.org.mx\/wp-content\/uploads\/2019\/03\/sms-latam-logotipo.jpg\" alt=\"\"><\/div><\/a><\/li><\/ul><\/div>[\/vc_column][\/vc_row]<\/p>\n","protected":false},"excerpt":{"rendered":"<p>[vc_row el_id=\u00bbsponsors\u00bb css=\u00bb.vc_custom_1518138472197{padding-bottom: 0px !important;}\u00bb][vc_column][\/vc_column][\/vc_row][vc_row el_class=\u00bbno-padding\u00bb][vc_column width=\u00bb1\/3&#8243;][\/vc_column][vc_column width=\u00bb1\/3&#8243;][vc_btn title=\u00bbDESCARGA EL FOLLETO MED\u00cdA KIT\u00bb style=\u00bbclassic\u00bb color=\u00bbjuicy-pink\u00bb align=\u00bbcenter\u00bb link=\u00bb|||\u00bb el_id=\u00bbbtn-registro-2&#8243;][\/vc_column][vc_column width=\u00bb1\/3&#8243;][\/vc_column][\/vc_row][vc_row el_class=\u00bbjx-ievent-padding-small\u00bb css=\u00bb.vc_custom_1521846601642{padding-bottom: 60px !important;}\u00bb][vc_column][\/vc_column][\/vc_row]<\/p>\n","protected":false},"author":1,"featured_media":0,"parent":0,"menu_order":0,"comment_status":"closed","ping_status":"closed","template":"template-home.php","meta":[],"_links":{"self":[{"href":"http:\/\/cicp.imcp.org.mx\/index.php\/wp-json\/wp\/v2\/pages\/1095"}],"collection":[{"href":"http:\/\/cicp.imcp.org.mx\/index.php\/wp-json\/wp\/v2\/pages"}],"about":[{"href":"http:\/\/cicp.imcp.org.mx\/index.php\/wp-json\/wp\/v2\/types\/page"}],"author":[{"embeddable":true,"href":"http:\/\/cicp.imcp.org.mx\/index.php\/wp-json\/wp\/v2\/users\/1"}],"replies":[{"embeddable":true,"href":"http:\/\/cicp.imcp.org.mx\/index.php\/wp-json\/wp\/v2\/comments?post=1095"}],"version-history":[{"count":76,"href":"http:\/\/cicp.imcp.org.mx\/index.php\/wp-json\/wp\/v2\/pages\/1095\/revisions"}],"predecessor-version":[{"id":4312,"href":"http:\/\/cicp.imcp.org.mx\/index.php\/wp-json\/wp\/v2\/pages\/1095\/revisions\/4312"}],"wp:attachment":[{"href":"http:\/\/cicp.imcp.org.mx\/index.php\/wp-json\/wp\/v2\/media?parent=1095"}],"curies":[{"name":"wp","href":"https:\/\/api.w.org\/{rel}","templated":true}]}}